{"id":7574,"date":"2017-01-18T15:44:59","date_gmt":"2017-01-18T14:44:59","guid":{"rendered":"https:\/\/www.hotel-auriga.com\/startseite\/"},"modified":"2024-10-28T15:47:35","modified_gmt":"2024-10-28T14:47:35","slug":"maison","status":"publish","type":"page","link":"https:\/\/www.hotel-auriga.com\/fr\/","title":{"rendered":"Maison"},"content":{"rendered":"","protected":false},"excerpt":{"rendered":"","protected":false},"author":1,"featured_media":9426,"parent":0,"menu_order":0,"comment_status":"closed","ping_status":"closed","template":"","meta":{"_acf_changed":false,"inline_featured_image":false,"footnotes":""},"class_list":["post-7574","page","type-page","status-publish","has-post-thumbnail","hentry"],"acf":[],"yoast_head":"<!-- This site is optimized with the Yoast SEO plugin v27.5 - https:\/\/yoast.com\/product\/yoast-seo-wordpress\/ -->\n<title>H\u00f4tel Auriga : H\u00f4tel 4 \u00e9toiles sup\u00e9rieur \u00e0 Lech am Arlberg, Autriche<\/title>\n<meta name=\"description\" content=\"H\u00f4tel Auriga \u00e0 Lech : Luxe, chambres, suites, spa, cuisine gastronomique. Vacances de luxe \u00e0 Lech am Arlberg. Renseignez-vous et r\u00e9servez d\u00e8s maintenant !\" \/>\n<meta name=\"robots\" content=\"index, follow, max-snippet:-1, max-image-preview:large, max-video-preview:-1\" \/>\n<link rel=\"canonical\" href=\"https:\/\/www.hotel-auriga.com\/fr\/maison\/\" \/>\n<meta property=\"og:locale\" content=\"fr_FR\" \/>\n<meta property=\"og:type\" content=\"article\" \/>\n<meta property=\"og:title\" content=\"H\u00f4tel Auriga : H\u00f4tel 4 \u00e9toiles sup\u00e9rieur \u00e0 Lech am Arlberg, Autriche\" \/>\n<meta property=\"og:description\" content=\"H\u00f4tel Auriga \u00e0 Lech : Luxe, chambres, suites, spa, cuisine gastronomique. Vacances de luxe \u00e0 Lech am Arlberg. Renseignez-vous et r\u00e9servez d\u00e8s maintenant !\" \/>\n<meta property=\"og:url\" content=\"https:\/\/www.hotel-auriga.com\/fr\/maison\/\" \/>\n<meta property=\"og:site_name\" content=\"Hotel Auriga Lech \u2013 Ihr Vier-Sterne-Superior-Hotel am Arlberg\" \/>\n<meta property=\"article:publisher\" content=\"https:\/\/www.facebook.com\/hotelauriga\/?fref=ts\" \/>\n<meta property=\"article:modified_time\" content=\"2024-10-28T14:47:35+00:00\" \/>\n<meta property=\"og:image\" content=\"https:\/\/www.hotel-auriga.com\/wp-content\/uploads\/2020\/12\/hotel-auriga-lech-am-arlberg-1.jpg\" \/>\n\t<meta property=\"og:image:width\" content=\"1600\" \/>\n\t<meta property=\"og:image:height\" content=\"750\" \/>\n\t<meta property=\"og:image:type\" content=\"image\/jpeg\" \/>\n<meta name=\"twitter:card\" content=\"summary_large_image\" \/>\n<meta name=\"twitter:title\" content=\"HOTEL AURIGA IN LECH AM ARLBERG\" \/>\n<script type=\"application\/ld+json\" class=\"yoast-schema-graph\">{\"@context\":\"https:\\\/\\\/schema.org\",\"@graph\":[{\"@type\":\"WebPage\",\"@id\":\"https:\\\/\\\/www.hotel-auriga.com\\\/fr\\\/maison\\\/\",\"url\":\"https:\\\/\\\/www.hotel-auriga.com\\\/fr\\\/maison\\\/\",\"name\":\"H\u00f4tel Auriga : H\u00f4tel 4 \u00e9toiles sup\u00e9rieur \u00e0 Lech am Arlberg, Autriche\",\"isPartOf\":{\"@id\":\"https:\\\/\\\/www.hotel-auriga.com\\\/#website\"},\"primaryImageOfPage\":{\"@id\":\"https:\\\/\\\/www.hotel-auriga.com\\\/fr\\\/maison\\\/#primaryimage\"},\"image\":{\"@id\":\"https:\\\/\\\/www.hotel-auriga.com\\\/fr\\\/maison\\\/#primaryimage\"},\"thumbnailUrl\":\"https:\\\/\\\/www.hotel-auriga.com\\\/wp-content\\\/uploads\\\/2020\\\/12\\\/hotel-auriga-lech-am-arlberg-1.jpg\",\"datePublished\":\"2017-01-18T14:44:59+00:00\",\"dateModified\":\"2024-10-28T14:47:35+00:00\",\"description\":\"H\u00f4tel Auriga \u00e0 Lech : Luxe, chambres, suites, spa, cuisine gastronomique. Vacances de luxe \u00e0 Lech am Arlberg. Renseignez-vous et r\u00e9servez d\u00e8s maintenant !\",\"breadcrumb\":{\"@id\":\"https:\\\/\\\/www.hotel-auriga.com\\\/fr\\\/maison\\\/#breadcrumb\"},\"inLanguage\":\"fr-FR\",\"potentialAction\":[{\"@type\":\"ReadAction\",\"target\":[\"https:\\\/\\\/www.hotel-auriga.com\\\/fr\\\/maison\\\/\"]}]},{\"@type\":\"ImageObject\",\"inLanguage\":\"fr-FR\",\"@id\":\"https:\\\/\\\/www.hotel-auriga.com\\\/fr\\\/maison\\\/#primaryimage\",\"url\":\"https:\\\/\\\/www.hotel-auriga.com\\\/wp-content\\\/uploads\\\/2020\\\/12\\\/hotel-auriga-lech-am-arlberg-1.jpg\",\"contentUrl\":\"https:\\\/\\\/www.hotel-auriga.com\\\/wp-content\\\/uploads\\\/2020\\\/12\\\/hotel-auriga-lech-am-arlberg-1.jpg\",\"width\":1600,\"height\":750,\"caption\":\"Winter in Lech am Arlberg beim Hotel Auriga\"},{\"@type\":\"BreadcrumbList\",\"@id\":\"https:\\\/\\\/www.hotel-auriga.com\\\/fr\\\/maison\\\/#breadcrumb\",\"itemListElement\":[{\"@type\":\"ListItem\",\"position\":1,\"name\":\"Startseite\",\"item\":\"https:\\\/\\\/www.hotel-auriga.com\\\/fr\\\/maison\\\/\"},{\"@type\":\"ListItem\",\"position\":2,\"name\":\"Maison\"}]},{\"@type\":\"WebSite\",\"@id\":\"https:\\\/\\\/www.hotel-auriga.com\\\/#website\",\"url\":\"https:\\\/\\\/www.hotel-auriga.com\\\/\",\"name\":\"Hotel Auriga Lech \u2013 Ihr Vier-Sterne-Superior-Hotel am Arlberg\",\"description\":\"\",\"potentialAction\":[{\"@type\":\"SearchAction\",\"target\":{\"@type\":\"EntryPoint\",\"urlTemplate\":\"https:\\\/\\\/www.hotel-auriga.com\\\/?s={search_term_string}\"},\"query-input\":{\"@type\":\"PropertyValueSpecification\",\"valueRequired\":true,\"valueName\":\"search_term_string\"}}],\"inLanguage\":\"fr-FR\"}]}<\/script>\n<!-- \/ Yoast SEO plugin. -->","yoast_head_json":{"title":"H\u00f4tel Auriga : H\u00f4tel 4 \u00e9toiles sup\u00e9rieur \u00e0 Lech am Arlberg, Autriche","description":"H\u00f4tel Auriga \u00e0 Lech : Luxe, chambres, suites, spa, cuisine gastronomique. Vacances de luxe \u00e0 Lech am Arlberg. Renseignez-vous et r\u00e9servez d\u00e8s maintenant !","robots":{"index":"index","follow":"follow","max-snippet":"max-snippet:-1","max-image-preview":"max-image-preview:large","max-video-preview":"max-video-preview:-1"},"canonical":"https:\/\/www.hotel-auriga.com\/fr\/maison\/","og_locale":"fr_FR","og_type":"article","og_title":"H\u00f4tel Auriga : H\u00f4tel 4 \u00e9toiles sup\u00e9rieur \u00e0 Lech am Arlberg, Autriche","og_description":"H\u00f4tel Auriga \u00e0 Lech : Luxe, chambres, suites, spa, cuisine gastronomique. Vacances de luxe \u00e0 Lech am Arlberg. Renseignez-vous et r\u00e9servez d\u00e8s maintenant !","og_url":"https:\/\/www.hotel-auriga.com\/fr\/maison\/","og_site_name":"Hotel Auriga Lech \u2013 Ihr Vier-Sterne-Superior-Hotel am Arlberg","article_publisher":"https:\/\/www.facebook.com\/hotelauriga\/?fref=ts","article_modified_time":"2024-10-28T14:47:35+00:00","og_image":[{"width":1600,"height":750,"url":"https:\/\/www.hotel-auriga.com\/wp-content\/uploads\/2020\/12\/hotel-auriga-lech-am-arlberg-1.jpg","type":"image\/jpeg"}],"twitter_card":"summary_large_image","twitter_title":"HOTEL AURIGA IN LECH AM ARLBERG","schema":{"@context":"https:\/\/schema.org","@graph":[{"@type":"WebPage","@id":"https:\/\/www.hotel-auriga.com\/fr\/maison\/","url":"https:\/\/www.hotel-auriga.com\/fr\/maison\/","name":"H\u00f4tel Auriga : H\u00f4tel 4 \u00e9toiles sup\u00e9rieur \u00e0 Lech am Arlberg, Autriche","isPartOf":{"@id":"https:\/\/www.hotel-auriga.com\/#website"},"primaryImageOfPage":{"@id":"https:\/\/www.hotel-auriga.com\/fr\/maison\/#primaryimage"},"image":{"@id":"https:\/\/www.hotel-auriga.com\/fr\/maison\/#primaryimage"},"thumbnailUrl":"https:\/\/www.hotel-auriga.com\/wp-content\/uploads\/2020\/12\/hotel-auriga-lech-am-arlberg-1.jpg","datePublished":"2017-01-18T14:44:59+00:00","dateModified":"2024-10-28T14:47:35+00:00","description":"H\u00f4tel Auriga \u00e0 Lech : Luxe, chambres, suites, spa, cuisine gastronomique. Vacances de luxe \u00e0 Lech am Arlberg. Renseignez-vous et r\u00e9servez d\u00e8s maintenant !","breadcrumb":{"@id":"https:\/\/www.hotel-auriga.com\/fr\/maison\/#breadcrumb"},"inLanguage":"fr-FR","potentialAction":[{"@type":"ReadAction","target":["https:\/\/www.hotel-auriga.com\/fr\/maison\/"]}]},{"@type":"ImageObject","inLanguage":"fr-FR","@id":"https:\/\/www.hotel-auriga.com\/fr\/maison\/#primaryimage","url":"https:\/\/www.hotel-auriga.com\/wp-content\/uploads\/2020\/12\/hotel-auriga-lech-am-arlberg-1.jpg","contentUrl":"https:\/\/www.hotel-auriga.com\/wp-content\/uploads\/2020\/12\/hotel-auriga-lech-am-arlberg-1.jpg","width":1600,"height":750,"caption":"Winter in Lech am Arlberg beim Hotel Auriga"},{"@type":"BreadcrumbList","@id":"https:\/\/www.hotel-auriga.com\/fr\/maison\/#breadcrumb","itemListElement":[{"@type":"ListItem","position":1,"name":"Startseite","item":"https:\/\/www.hotel-auriga.com\/fr\/maison\/"},{"@type":"ListItem","position":2,"name":"Maison"}]},{"@type":"WebSite","@id":"https:\/\/www.hotel-auriga.com\/#website","url":"https:\/\/www.hotel-auriga.com\/","name":"Hotel Auriga Lech \u2013 Ihr Vier-Sterne-Superior-Hotel am Arlberg","description":"","potentialAction":[{"@type":"SearchAction","target":{"@type":"EntryPoint","urlTemplate":"https:\/\/www.hotel-auriga.com\/?s={search_term_string}"},"query-input":{"@type":"PropertyValueSpecification","valueRequired":true,"valueName":"search_term_string"}}],"inLanguage":"fr-FR"}]}},"_links":{"self":[{"href":"https:\/\/www.hotel-auriga.com\/fr\/wp-json\/wp\/v2\/pages\/7574","targetHints":{"allow":["GET"]}}],"collection":[{"href":"https:\/\/www.hotel-auriga.com\/fr\/wp-json\/wp\/v2\/pages"}],"about":[{"href":"https:\/\/www.hotel-auriga.com\/fr\/wp-json\/wp\/v2\/types\/page"}],"author":[{"embeddable":true,"href":"https:\/\/www.hotel-auriga.com\/fr\/wp-json\/wp\/v2\/users\/1"}],"replies":[{"embeddable":true,"href":"https:\/\/www.hotel-auriga.com\/fr\/wp-json\/wp\/v2\/comments?post=7574"}],"version-history":[{"count":5,"href":"https:\/\/www.hotel-auriga.com\/fr\/wp-json\/wp\/v2\/pages\/7574\/revisions"}],"predecessor-version":[{"id":10293,"href":"https:\/\/www.hotel-auriga.com\/fr\/wp-json\/wp\/v2\/pages\/7574\/revisions\/10293"}],"wp:featuredmedia":[{"embeddable":true,"href":"https:\/\/www.hotel-auriga.com\/fr\/wp-json\/wp\/v2\/media\/9426"}],"wp:attachment":[{"href":"https:\/\/www.hotel-auriga.com\/fr\/wp-json\/wp\/v2\/media?parent=7574"}],"curies":[{"name":"wp","href":"https:\/\/api.w.org\/{rel}","templated":true}]}}